{"id":6668,"date":"2020-02-13T14:37:35","date_gmt":"2020-02-13T13:37:35","guid":{"rendered":"https:\/\/konfliktraadet.no\/hjem\/"},"modified":"2021-06-11T12:37:41","modified_gmt":"2021-06-11T10:37:41","slug":"hjem","status":"publish","type":"page","link":"https:\/\/konfliktraadet.no\/nn\/","title":{"rendered":"Heim"},"content":{"rendered":"<div class=\"wpb-content-wrapper\"><p>[vc_section][vc_row][vc_column width=\"1\/2\" offset=\"vc_col-lg-4 vc_col-md-4\"]<div class=\"spacer-\" style=\"\"><\/div><style>@media (min-width: 320px) { .spacer-{ height: 30px;}}@media (min-width: 767px) { .spacer-{ height: 30px;}}@media (min-width: 979px) { .spacer-{ height: 30px;}}@media (min-width: 1200px) { .spacer-{ height: 30px;}}<\/style>[vc_column_text el_class=\"bluetext intro\"]Konfliktr\u00e5det hjelper menneske i konflikt. Vi meklar b\u00e5de i straffesaker og sivile saker, med meir enn 500 meklarar landet over.<\/p>\n<p>Tenesta er gratis og for alle.<\/p>\n<p>[\/vc_column_text]<div class=\"spacer-81034c5935a375f4104c9aad4b72ca39\" style=\"\"><\/div><style>@media (min-width: 320px) { .spacer-81034c5935a375f4104c9aad4b72ca39{ height: 15px;}}@media (min-width: 767px) { .spacer-81034c5935a375f4104c9aad4b72ca39{ height: 15px;}}@media (min-width: 979px) { .spacer-81034c5935a375f4104c9aad4b72ca39{ height: 15px;}}@media (min-width: 1200px) { .spacer-81034c5935a375f4104c9aad4b72ca39{ height: 15px;}}<\/style><div class=\"calltoaction\"><a class=\" button blue icon-left  \" href=\"\/finn-ditt-konfliktrad\/\" title=\"Finn ditt konfliktr\u00e5d\" ><span class='icon'><\/span><span class='text'>Finn ditt konfliktr\u00e5d<\/span><\/a><\/div><div class=\"spacer-81034c5935a375f4104c9aad4b72ca39\" style=\"\"><\/div><style>@media (min-width: 320px) { .spacer-81034c5935a375f4104c9aad4b72ca39{ height: 15px;}}@media (min-width: 767px) { .spacer-81034c5935a375f4104c9aad4b72ca39{ height: 15px;}}@media (min-width: 979px) { .spacer-81034c5935a375f4104c9aad4b72ca39{ height: 15px;}}@media (min-width: 1200px) { .spacer-81034c5935a375f4104c9aad4b72ca39{ height: 15px;}}<\/style><div class=\"calltoaction\"><a class=\" button blue icon-left  \" href=\"https:\/\/konfliktraadet.no\/meld-inn-sak-til-konfliktradet\/\" title=\"Meld inn ein sak til konflikr\u00e5det\" ><span class='icon'><\/span><span class='text'>Meld inn sak til konfliktr\u00e5det<\/span><\/a><\/div>[\/vc_column][vc_column width=\"1\/2\" offset=\"vc_col-lg-8 vc_col-md-8\"]\n\t\t\t<figure class=\"standard-image no-margin no-caption center\">\n\t\t\t\t<img loading=\"lazy\" decoding=\"async\" width=\"469\" height=\"476\" src=\"https:\/\/konfliktraadet.no\/content\/uploads\/2021\/01\/1.gif\" class=\"attachment-img-som size-img-som\" alt=\"Illustrasjon av et meklingsm\u00f8te\" \/>\n\t\t\t\t\n\t\t\t<\/figure>[\/vc_column][\/vc_row][vc_row][vc_column]<div class=\"spacer-e1a6c7cd6ec62c4bd7424acff8ea0045\" style=\"\"><\/div><style>@media (min-width: 320px) { .spacer-e1a6c7cd6ec62c4bd7424acff8ea0045{ height: 60px;}}@media (min-width: 767px) { .spacer-e1a6c7cd6ec62c4bd7424acff8ea0045{ height: 60px;}}@media (min-width: 979px) { .spacer-e1a6c7cd6ec62c4bd7424acff8ea0045{ height: 60px;}}@media (min-width: 1200px) { .spacer-e1a6c7cd6ec62c4bd7424acff8ea0045{ height: 60px;}}<\/style>[\/vc_column][\/vc_row][\/vc_section][vc_section disable_element=\"yes\"][vc_row][vc_column]<div class=\"spacer-5ca5ef028d069586f4b677f8e0171e66\" style=\"\"><\/div><style>@media (min-width: 320px) { .spacer-5ca5ef028d069586f4b677f8e0171e66{ height: 60px;}}@media (min-width: 767px) { .spacer-5ca5ef028d069586f4b677f8e0171e66{ height: 60px;}}@media (min-width: 979px) { .spacer-5ca5ef028d069586f4b677f8e0171e66{ height: 60px;}}@media (min-width: 1200px) { .spacer-5ca5ef028d069586f4b677f8e0171e66{ height: 60px;}}<\/style>[\/vc_column][\/vc_row][vc_row][vc_column width=\"2\/3\"]<div class=\"heading left \"><h2 class=\"font-size-mds\" title=\"Konfliksr\u00e5dsm\u00f8ter hausten 2020\">Konfliksr\u00e5dsm\u00f8ter hausten 2020<\/h2><\/div><div class=\"spacer-a35497b4cceee8f368f7addb0994e76f\" style=\"\"><\/div><style>@media (min-width: 320px) { .spacer-a35497b4cceee8f368f7addb0994e76f{ height: 30px;}}@media (min-width: 767px) { .spacer-a35497b4cceee8f368f7addb0994e76f{ height: 30px;}}@media (min-width: 979px) { .spacer-a35497b4cceee8f368f7addb0994e76f{ height: 30px;}}@media (min-width: 1200px) { .spacer-a35497b4cceee8f368f7addb0994e76f{ height: 30px;}}<\/style>[vc_column_text el_class=\"bluetext\"]En smittevernrettleiar, som bygger p\u00e5 Folkehelseinstituttets r\u00e5d, ligg til grunn for korleis<br \/>\nvi i denne tida kan m\u00f8test ansikt til ansikt.<\/p>\n<p>M\u00f8ter i konfliktr\u00e5det skal vere trygge og gode, enten dei skjer over telefon, video eller ved fysiske m\u00f8ter.<br \/>\nAlle typar saker kan meldast inn (knapp over), eller du kan kontakte konfliktr\u00e5det i ditt distrikt.[\/vc_column_text]<div class=\"calltoaction\"><a class=\" btn btn-primary  \" href=\"\/mote-i-konfliktradet\/\" title=\"M\u00f8te i konfliktr\u00e5det\" ><span class='text'>M\u00f8te i konfliktr\u00e5det<\/span><\/a><\/div><div class=\"spacer-d00dc65913abf5d463309b5d9a0481ea\" style=\"\"><\/div><style>@media (min-width: 320px) { .spacer-d00dc65913abf5d463309b5d9a0481ea{ height: 30px;}}@media (min-width: 767px) { .spacer-d00dc65913abf5d463309b5d9a0481ea{ height: 30px;}}@media (min-width: 979px) { .spacer-d00dc65913abf5d463309b5d9a0481ea{ height: 0px;}}@media (min-width: 1200px) { .spacer-d00dc65913abf5d463309b5d9a0481ea{ height: 0px;}}<\/style>[\/vc_column][vc_column width=\"1\/3\"]<div class=\"calltoaction\"><a class=\" button white icon podkast right \" href=\"https:\/\/konfliktraadet.no\/podcast\/\" title=\"Konfliktr\u00e5dpodden\" ><span class='icon'><\/span><span class='text'>Lytt til Konfliktr\u00e5dpodden<\/span><\/a><\/div><div class=\"calltoaction\"><a class=\" button white icon meklar right \" href=\"https:\/\/konfliktraadet.no\/vil-du-bli-mekler\/\" title=\"Vil du bli meklar\" ><span class='icon'><\/span><span class='text'>Vil du bli meklar?<\/span><\/a><\/div><div class=\"calltoaction\"><a class=\" button white icon faq right \" href=\"https:\/\/konfliktraadet.no\/sporsmal-og-svar\/\" title=\"Ofte stilte sp\u00f8rsm\u00e5l\" ><span class='icon'><\/span><span class='text'>Ofte stilte sp\u00f8rsm\u00e5l<\/span><\/a><\/div>[\/vc_column][\/vc_row][vc_row][vc_column]<div class=\"spacer-fffbfa0979895fe2cc8f3559dd09040d\" style=\"\"><\/div><style>@media (min-width: 320px) { .spacer-fffbfa0979895fe2cc8f3559dd09040d{ height: 40px;}}@media (min-width: 767px) { .spacer-fffbfa0979895fe2cc8f3559dd09040d{ height: 40px;}}@media (min-width: 979px) { .spacer-fffbfa0979895fe2cc8f3559dd09040d{ height: 40px;}}@media (min-width: 1200px) { .spacer-fffbfa0979895fe2cc8f3559dd09040d{ height: 40px;}}<\/style>[\/vc_column][\/vc_row][\/vc_section][vc_section full_width=\"stretch_row\" css=\".vc_custom_1621425199139{background-color: #fff0e9! important;}\"][vc_row][vc_column]<div class=\"spacer-5ca5ef028d069586f4b677f8e0171e66\" style=\"\"><\/div><style>@media (min-width: 320px) { .spacer-5ca5ef028d069586f4b677f8e0171e66{ height: 60px;}}@media (min-width: 767px) { .spacer-5ca5ef028d069586f4b677f8e0171e66{ height: 60px;}}@media (min-width: 979px) { .spacer-5ca5ef028d069586f4b677f8e0171e66{ height: 60px;}}@media (min-width: 1200px) { .spacer-5ca5ef028d069586f4b677f8e0171e66{ height: 60px;}}<\/style>[\/vc_column][\/vc_row][vc_row][vc_column width=\"1\/3\"]<div class=\"calltoaction\"><a class=\" button white icon talk right \" href=\"#\" title=\"Historier fr\u00e5 meklingsrommet\" ><span class='icon'><\/span><span class='text'>Historier fr\u00e5 meklingsrommet<\/span><\/a><\/div>[\/vc_column][vc_column width=\"1\/3\"]<div class=\"calltoaction\"><a class=\" button white icon podkast right \" href=\"https:\/\/konfliktraadet.no\/podcast\/\" title=\"Konfliktr\u00e5dpodden\" ><span class='icon'><\/span><span class='text'>Konfliktr\u00e5dpodden<\/span><\/a><\/div>[\/vc_column][vc_column width=\"1\/3\"]<div class=\"calltoaction\"><a class=\" button white icon meklar right \" href=\"https:\/\/konfliktraadet.no\/mekler-i-konfliktradet\/\" title=\"Vil du bli meklar\" ><span class='icon'><\/span><span class='text'>Vil du bli meklar?<\/span><\/a><\/div>[\/vc_column][\/vc_row][vc_row][vc_column]<div class=\"spacer-fffbfa0979895fe2cc8f3559dd09040d\" style=\"\"><\/div><style>@media (min-width: 320px) { .spacer-fffbfa0979895fe2cc8f3559dd09040d{ height: 40px;}}@media (min-width: 767px) { .spacer-fffbfa0979895fe2cc8f3559dd09040d{ height: 40px;}}@media (min-width: 979px) { .spacer-fffbfa0979895fe2cc8f3559dd09040d{ height: 40px;}}@media (min-width: 1200px) { .spacer-fffbfa0979895fe2cc8f3559dd09040d{ height: 40px;}}<\/style>[\/vc_column][\/vc_row][\/vc_section][vc_row][vc_column]<div class=\"spacer-hr5b0cb2470151271b4c290d4f0fdfb1de85\" style=\"\"><\/div><style>@media (min-width: 320px) { .spacer-hr5b0cb2470151271b4c290d4f0fdfb1de85{ height: 3px;}}@media (min-width: 767px) { .spacer-hr5b0cb2470151271b4c290d4f0fdfb1de85{ height: 3px;}}@media (min-width: 979px) { .spacer-hr5b0cb2470151271b4c290d4f0fdfb1de85{ height: 3px;}}@media (min-width: 1200px) { .spacer-hr5b0cb2470151271b4c290d4f0fdfb1de85{ height: 3px;}}<\/style>[\/vc_column][\/vc_row][vc_section full_width=\"stretch_row\" css=\".vc_custom_1613651614008{background-color: #e9f6f7! important;}\"][vc_row][vc_column]<div class=\"spacer-a4a4bb33743bb51c66c64c39787d13e6\" style=\"\"><\/div><style>@media (min-width: 320px) { .spacer-a4a4bb33743bb51c66c64c39787d13e6{ height: 50px;}}@media (min-width: 767px) { .spacer-a4a4bb33743bb51c66c64c39787d13e6{ height: 50px;}}@media (min-width: 979px) { .spacer-a4a4bb33743bb51c66c64c39787d13e6{ height: 50px;}}@media (min-width: 1200px) { .spacer-a4a4bb33743bb51c66c64c39787d13e6{ height: 50px;}}<\/style>[\/vc_column][\/vc_row][vc_row bwd_tbc4vd_show_weekday=\"\"][vc_column width=\"1\/2\"]<div class=\"heading left \"><h2 class=\"font-size-lg\" title=\"Video\">Video<\/h2><\/div><div class=\"spacer-d29d769afd46c44deae1169f42efe21f\" style=\"\"><\/div><style>@media (min-width: 320px) { .spacer-d29d769afd46c44deae1169f42efe21f{ height: 15px;}}@media (min-width: 767px) { .spacer-d29d769afd46c44deae1169f42efe21f{ height: 15px;}}@media (min-width: 979px) { .spacer-d29d769afd46c44deae1169f42efe21f{ height: 30px;}}@media (min-width: 1200px) { .spacer-d29d769afd46c44deae1169f42efe21f{ height: 30px;}}<\/style>[vc_column_text]Se videoar om konfliktr\u00e5det, kva type saker vi har, og korleis vi kan hjelpe deg.[\/vc_column_text][vc_row_inner][vc_column_inner offset=\"vc_col-lg-6 vc_col-md-12\"]<div class='video'>\n\t\t\t\t\t\n\t\t\t\t\t<a href=\"https:\/\/youtu.be\/R1X_zZjnnxE\" title=\"Se filmen p\u00e5 YouTube\" style=\"background-image:url(&quot;https:\/\/img.youtube.com\/vi\/R1X_zZjnnxE\/0.jpg&quot;)\" target=\"_blank\" rel=\"noopener\">\n\t\t\t\t\t\t<span class='play'><\/span>\n\t\t\t\t\t<\/a>\n\t\t\t\t<\/div>[\/vc_column_inner][vc_column_inner offset=\"vc_col-lg-6 vc_col-md-12\"]<div class='video'>\n\t\t\t\t\t\n\t\t\t\t\t<a href=\"https:\/\/youtu.be\/0IsSJOfgQgo\" title=\"Se filmen p\u00e5 YouTube\" style=\"background-image:url(&quot;https:\/\/img.youtube.com\/vi\/0IsSJOfgQgo\/0.jpg&quot;)\" target=\"_blank\" rel=\"noopener\">\n\t\t\t\t\t\t<span class='play'><\/span>\n\t\t\t\t\t<\/a>\n\t\t\t\t<\/div>[\/vc_column_inner][\/vc_row_inner][vc_row_inner][vc_column_inner]<div class=\"spacer-\" style=\"\"><\/div><style>@media (min-width: 320px) { .spacer-{ height: 22px;}}@media (min-width: 767px) { .spacer-{ height: 22px;}}@media (min-width: 979px) { .spacer-{ height: 22px;}}@media (min-width: 1200px) { .spacer-{ height: 22px;}}<\/style><div class=\"calltoaction\"><a class=\" btn btn-primary  \" href=\"https:\/\/konfliktraadet.no\/informasjonsvideoer-om-konfliktradet\/\" title=\"Videosamling\"><span class='text'>Videosamling<\/span><\/a><\/div><div class=\"spacer-e612d1ac3ce8acb0d80f69d17e044db3\" style=\"\"><\/div><style>@media (min-width: 320px) { .spacer-e612d1ac3ce8acb0d80f69d17e044db3{ height: 30px;}}@media (min-width: 767px) { .spacer-e612d1ac3ce8acb0d80f69d17e044db3{ height: 30px;}}@media (min-width: 979px) { .spacer-e612d1ac3ce8acb0d80f69d17e044db3{ height: 0px;}}@media (min-width: 1200px) { .spacer-e612d1ac3ce8acb0d80f69d17e044db3{ height: 0px;}}<\/style>[\/vc_column_inner][\/vc_row_inner][\/vc_column][vc_column width=\"1\/2\"]<div class=\"heading left \"><h2 class=\"font-size-lg\" title=\"Sp\u00f8rsm\u00e5l og svar\">Sp\u00f8rsm\u00e5l og svar<\/h2><\/div><div class=\"spacer-44fad41cedcac6d58969c7c465b2c8b1\" style=\"\"><\/div><style>@media (min-width: 320px) { .spacer-44fad41cedcac6d58969c7c465b2c8b1{ height: 15px;}}@media (min-width: 767px) { .spacer-44fad41cedcac6d58969c7c465b2c8b1{ height: 15px;}}@media (min-width: 979px) { .spacer-44fad41cedcac6d58969c7c465b2c8b1{ height: 30px;}}@media (min-width: 1200px) { .spacer-44fad41cedcac6d58969c7c465b2c8b1{ height: 30px;}}<\/style>                <script type=\"text\/javascript\">\n                postSettings = {\n                    'categories': '',\n                    'posttypes': 'faq',\n                    'limit': '2',\n                    'offset': '',\n                    'ignoresticky': '',\n                    'showsticky': '',\n                    'paging': '',\n                    'acfmeta': '',\n                    'order': 'asc',\n                    'orderby': '',\n                    'metakey': '',\n                    'metatype': '',\n                    'includeposts': '2346,2028,2024,2022,1376',\n                    'excludeposts': '',\n                    'grid': ''\n                };\n                <\/script><div class=\"vc-loop-posts\">    <div class=\"col-lg-12 col-md-12 col-sm-12\">\n            <article class=\"WP_Post vc-loop-post faq\" id=\"post-1376\">\n                <div id=\"\u2013 Hva skjer hvis avtalen som inng\u00e5s i konfliktr\u00e5det blir brutt?\">\n                    <div class=\"faq-question\">\n                        <a class=\"question\"><span class=\"header-question\">\u2013 Hva skjer hvis avtalen som inng\u00e5s i konfliktr\u00e5det blir brutt?<\/span><\/a>\n                        <div class=\"answer\">\n                            <p>Dersom dette er en politisak, og det ikke blir inng\u00e5tt avtaler i m\u00f8tet, eller avtalene ikke blir innfridd innen den fristen som st\u00e5r der, blir saken sendt tilbake til politiet som foretar en ny behandling.<\/p>\n<p>Avtaler i straffesaker som er inng\u00e5tt i konfliktr\u00e5det, har\u00a0to ukers angrefrist.<\/p>\n<p>I sivile saker er det opp til partene og overholde avtalen, de m\u00e5 selv eventuelt avtale angrefrist.<\/p>\n\n                        <\/div>\n                    <\/div>\n                <\/div>\n            <\/article>\n    <\/div>    <div class=\"col-lg-12 col-md-12 col-sm-12\">\n            <article class=\"WP_Post vc-loop-post faq\" id=\"post-2022\">\n                <div id=\"\u2013 Hva er vitsen med mekling? Hva f\u00e5r jeg igjen for det?\">\n                    <div class=\"faq-question\">\n                        <a class=\"question\"><span class=\"header-question\">\u2013 Hva er vitsen med mekling? Hva f\u00e5r jeg igjen for det?<\/span><\/a>\n                        <div class=\"answer\">\n                            <p>Gjennom meklingsm\u00f8tet f\u00e5r du v\u00e6re med \u00e5 p\u00e5virke det som ang\u00e5r deg selv, og m\u00f8te den eller de som har v\u00e6rt utsatt for noe du har gjort, eller en du er i konflikt med.<\/p>\n<ul>\n<li>Har du en kranglet med naboen, er det han\/henne du m\u00f8ter<\/li>\n<li>Har du stj\u00e5let fra en butikk, kan det v\u00e6re butikkeieren du m\u00f8ter<\/li>\n<li>Har du blitt sl\u00e5tt av en medelev p\u00e5 skolen, er det han du vil m\u00f8te<\/li>\n<li>Har du en uoverensstemmelse med leietakeren, kan du m\u00f8te ham\/henne<\/li>\n<li>Har du blitt utsatt for vold eller trusler, er det gjerningspersonen du m\u00f8ter<\/li>\n<\/ul>\n<p>Mange har uttalt at \u00e5 m\u00f8te i meklingsm\u00f8tet gj\u00f8r at du f\u00e5r lagt det som er ubehagelig bak deg og f\u00e5r bearbeidet egne f\u00f8lelser etter hendelsen. Du f\u00e5r ogs\u00e5 mulighet til \u00e5 stille sp\u00f8rsm\u00e5l om det du ikke har f\u00e5tt svar p\u00e5. M\u00e5let er at partene skal komme fram til en l\u00f8sning begge kan godta. Det er partene selv som bestemmer innholdet i en eventuell avtale og hvilke krav som skal oppfylles.<\/p>\n<p>Dersom det er en straffesak, kan det f\u00e5 betydning for politiattesten til den som er siktet. En sak i konfliktr\u00e5det der det inng\u00e5s en avtale og avtalen blir innfridd, f\u00f8rer ikke til anmerkningen p\u00e5 ordin\u00e6r politiattest hvis saken er overf\u00f8rt etter straffeprosessloven \u00a7 71a. Saken blir som hovedregel f\u00f8rt opp p\u00e5 den utt\u00f8mmende politiattesten i 2 \u00e5r, og s\u00e5 blir den slettet hvis det ikke beg\u00e5s nye lovbrudd som kan id\u00f8mmes fengselsstraff de neste to \u00e5rene. For de under 18 \u00e5r er det noen unntak.<\/p>\n<p><a href=\"https:\/\/www.politiet.no\/tjenester\/politiattest\/opplysninger-i-politiattesten\/\" target=\"_blank\" rel=\"noopener\">Les mer om politiattest p\u00e5 politiets nettsider<\/a><\/p>\n\n                        <\/div>\n                    <\/div>\n                <\/div>\n            <\/article>\n    <\/div>    <div class=\"col-lg-12 col-md-12 col-sm-12\">\n            <article class=\"WP_Post vc-loop-post faq\" id=\"post-2024\">\n                <div id=\"\u2013 Hva slags type saker kan mekles i konfliktr\u00e5det?\">\n                    <div class=\"faq-question\">\n                        <a class=\"question\"><span class=\"header-question\">\u2013 Hva slags type saker kan mekles i konfliktr\u00e5det?<\/span><\/a>\n                        <div class=\"answer\">\n                            <p>Konfliktr\u00e5det kan mekle i saker som oppst\u00e5r p\u00e5 grunn av at en eller flere personer har p\u00e5f\u00f8rt andre en skade, et tap eller en annen krenkelse. Typiske saker som oversendes fra politiet er vold, trusler, mobbing, tyveri og skadeverk. I sivile saker handler det oftest om nabo-, familie- og arbeidskonflikter.<\/p>\n<p><a href=\"https:\/\/konfliktraadet.no\/podcast\/\">H\u00f8r p\u00e5 Konfliktr\u00e5dspodden og f\u00e5 et innblikk i de ulike sakene konfliktr\u00e5det kan bist\u00e5 i.<\/a><\/p>\n\n                        <\/div>\n                    <\/div>\n                <\/div>\n            <\/article>\n    <\/div>    <div class=\"col-lg-12 col-md-12 col-sm-12\">\n            <article class=\"WP_Post vc-loop-post faq\" id=\"post-2028\">\n                <div id=\"\u2013 Hvem kan melde inn en sak til konfliktr\u00e5det?\">\n                    <div class=\"faq-question\">\n                        <a class=\"question\"><span class=\"header-question\">\u2013 Hvem kan melde inn en sak til konfliktr\u00e5det?<\/span><\/a>\n                        <div class=\"answer\">\n                            <p>Dersom det dreier seg en politianmeldelse s\u00e5 er det politijuristen som vurderer om saken er egnet for konfliktr\u00e5d. Dersom partene samtykker, sendes saken til konfliktr\u00e5det.<\/p>\n<p>I sivile konflikter kan hvem som helst kontakte konfliktr\u00e5det. Politiet kan ogs\u00e5 oversende henlagte straffesaker til konfliktr\u00e5det. Konfliktr\u00e5dslederen vurderer om saken er egnet.<\/p>\n<p>Konfliktr\u00e5det tar deretter kontakt med den andre parten for \u00e5 be om samtykke til et m\u00f8te i konfliktr\u00e5det. Det er gratis og frivillig \u00e5 m\u00f8te i konfliktr\u00e5det, og ansatte og meklere i konfliktr\u00e5det har taushetsplikt.<\/p>\n\n                        <\/div>\n                    <\/div>\n                <\/div>\n            <\/article>\n    <\/div>    <div class=\"col-lg-12 col-md-12 col-sm-12\">\n            <article class=\"WP_Post vc-loop-post faq\" id=\"post-2346\">\n                <div id=\"\u2013 Hva er forskjellen p\u00e5 en straffesak og en sivilsak?\">\n                    <div class=\"faq-question\">\n                        <a class=\"question\"><span class=\"header-question\">\u2013 Hva er forskjellen p\u00e5 en straffesak og en sivilsak?<\/span><\/a>\n                        <div class=\"answer\">\n                            <p>En straffesak er et forhold som er anmeldt til politiet og som vurderes som straffbart av p\u00e5talemyndigheten. Straffesaker som sendes konfliktr\u00e5det er funnet egnet til konfliktr\u00e5dsbehandling av politijuristen, i tillegg til at de involverte har gitt sitt samtykke.<\/p>\n<p><span class=\"TextRun Highlight SCXW193563290 BCX8\" lang=\"NB-NO\" xml:lang=\"NB-NO\" data-contrast=\"auto\"><span class=\"NormalTextRun SCXW193563290 BCX8\">Alle kan melde inn en sak til konfliktr\u00e5det. <\/span><span class=\"NormalTextRun SCXW193563290 BCX8\">Sivile saker er saker som er innbragt til <\/span><span class=\"NormalTextRun SCXW193563290 BCX8\">konfliktr\u00e5det av partene selv eller andre offentlige instanser enn p\u00e5talemyndigheten. Henlagte straffesaker kan bringes inn som en sivil sak, for eksempel der lovbruddet er foretatt av en ungdom som var under 15 \u00e5r da lovbruddet fant sted.\u00a0<\/span><\/span><\/p>\n\n                        <\/div>\n                    <\/div>\n                <\/div>\n            <\/article>\n    <\/div><\/div>[vc_row_inner][vc_column_inner]<div class=\"calltoaction\"><a class=\" btn btn-primary  \" href=\"https:\/\/konfliktraadet.no\/sporsmal-og-svar\/\" title=\"Flere sp\u00f8rsm\u00e5l og svar\"><span class='text'>Flere sp\u00f8rsm\u00e5l og svar<\/span><\/a><\/div>[\/vc_column_inner][\/vc_row_inner][\/vc_column][\/vc_row][vc_row][vc_column]<div class=\"spacer-d3078ee213b8e07e58c3022ea43f6bea\" style=\"\"><\/div><style>@media (min-width: 320px) { .spacer-d3078ee213b8e07e58c3022ea43f6bea{ height: 40px;}}@media (min-width: 767px) { .spacer-d3078ee213b8e07e58c3022ea43f6bea{ height: 40px;}}@media (min-width: 979px) { .spacer-d3078ee213b8e07e58c3022ea43f6bea{ height: 40px;}}@media (min-width: 1200px) { .spacer-d3078ee213b8e07e58c3022ea43f6bea{ height: 40px;}}<\/style>[\/vc_column][\/vc_row][\/vc_section][vc_section][vc_row][vc_column]<div class=\"spacer-7e26a86e0e358e46dab2449af29a4a94\" style=\"\"><\/div><style>@media (min-width: 320px) { .spacer-7e26a86e0e358e46dab2449af29a4a94{ height: 30px;}}@media (min-width: 767px) { .spacer-7e26a86e0e358e46dab2449af29a4a94{ height: 30px;}}@media (min-width: 979px) { .spacer-7e26a86e0e358e46dab2449af29a4a94{ height: 30px;}}@media (min-width: 1200px) { .spacer-7e26a86e0e358e46dab2449af29a4a94{ height: 60px;}}<\/style>[\/vc_column][\/vc_row][vc_row][vc_column]<div class=\"heading left \"><h2 class=\"font-size-lg\" title=\"Aktuelt\">Aktuelt<\/h2><\/div><div class=\"spacer-122a7fc977b30ac28ebc71d94ee66532\" style=\"\"><\/div><style>@media (min-width: 320px) { .spacer-122a7fc977b30ac28ebc71d94ee66532{ height: 30px;}}@media (min-width: 767px) { .spacer-122a7fc977b30ac28ebc71d94ee66532{ height: 30px;}}@media (min-width: 979px) { .spacer-122a7fc977b30ac28ebc71d94ee66532{ height: 30px;}}@media (min-width: 1200px) { .spacer-122a7fc977b30ac28ebc71d94ee66532{ height: 30px;}}<\/style>                <script type=\"text\/javascript\">\n                postSettings = {\n                    'categories': '3',\n                    'posttypes': 'post',\n                    'limit': '3',\n                    'offset': '',\n                    'ignoresticky': '',\n                    'showsticky': '',\n                    'paging': '',\n                    'acfmeta': '',\n                    'order': 'asc',\n                    'orderby': 'date',\n                    'metakey': '',\n                    'metatype': 'DATE',\n                    'includeposts': '',\n                    'excludeposts': '',\n                    'grid': ''\n                };\n                <\/script><div class=\"vc-loop-posts row\"><\/div><div class=\"calltoaction\"><a class=\" btn btn-primary  \" href=\"https:\/\/konfliktraadet.no\/aktuelt\/\" title=\"Flere artiklar\"><span class='text'>Flere artiklar<\/span><\/a><\/div>[\/vc_column][\/vc_row][vc_row][vc_column]<div class=\"spacer-99b5f730b4402a6a13c1807476efe791\" style=\"\"><\/div><style>@media (min-width: 320px) { .spacer-99b5f730b4402a6a13c1807476efe791{ height: 30px;}}@media (min-width: 767px) { .spacer-99b5f730b4402a6a13c1807476efe791{ height: 30px;}}@media (min-width: 979px) { .spacer-99b5f730b4402a6a13c1807476efe791{ height: 30px;}}@media (min-width: 1200px) { .spacer-99b5f730b4402a6a13c1807476efe791{ height: 30px;}}<\/style>[\/vc_column][\/vc_row][\/vc_section]<\/p>\n<\/div>","protected":false},"excerpt":{"rendered":"<p>[vc_section][vc_row][vc_column width=&#8221;1\/2&#8243; offset=&#8221;vc_col-lg-4 vc_col-md-4&#8243;][vc_column_text el_class=&#8221;bluetext intro&#8221;]Konfliktr\u00e5det hjelper menneske i konflikt. Vi meklar b\u00e5de i straffesaker og sivile saker, med meir enn 500 meklarar landet over. Tenesta er gratis og for alle. [\/vc_column_text][\/vc_column][vc_column width=&#8221;1\/2&#8243; offset=&#8221;vc_col-lg-8 vc_col-md-8&#8243;][\/vc_column][\/vc_row][vc_row][vc_column][\/vc_column][\/vc_row][\/vc_section][vc_section<\/p>\n","protected":false},"author":18,"featured_media":4164,"parent":0,"menu_order":0,"comment_status":"closed","ping_status":"closed","template":"","meta":{"_acf_changed":false,"_relevanssi_hide_post":"","_relevanssi_hide_content":"","_relevanssi_pin_for_all":"","_relevanssi_pin_keywords":"","_relevanssi_unpin_keywords":"","_relevanssi_related_keywords":"","_relevanssi_related_include_ids":"","_relevanssi_related_exclude_ids":"","_relevanssi_related_no_append":"","_relevanssi_related_not_related":"","_relevanssi_related_posts":"","_relevanssi_noindex_reason":"","inline_featured_image":false,"footnotes":""},"class_list":["post-6668","page","type-page","status-publish","has-post-thumbnail","hentry"],"acf":[],"publishpress_future_action":{"enabled":false,"date":"2026-04-16 01:24:43","action":"change-status","newStatus":"draft","terms":[],"taxonomy":"translation_priority"},"publishpress_future_workflow_manual_trigger":{"enabledWorkflows":[]},"_links":{"self":[{"href":"https:\/\/konfliktraadet.no\/nn\/wp-json\/wp\/v2\/pages\/6668","targetHints":{"allow":["GET"]}}],"collection":[{"href":"https:\/\/konfliktraadet.no\/nn\/wp-json\/wp\/v2\/pages"}],"about":[{"href":"https:\/\/konfliktraadet.no\/nn\/wp-json\/wp\/v2\/types\/page"}],"author":[{"embeddable":true,"href":"https:\/\/konfliktraadet.no\/nn\/wp-json\/wp\/v2\/users\/18"}],"replies":[{"embeddable":true,"href":"https:\/\/konfliktraadet.no\/nn\/wp-json\/wp\/v2\/comments?post=6668"}],"version-history":[{"count":0,"href":"https:\/\/konfliktraadet.no\/nn\/wp-json\/wp\/v2\/pages\/6668\/revisions"}],"wp:featuredmedia":[{"embeddable":true,"href":"https:\/\/konfliktraadet.no\/nn\/wp-json\/wp\/v2\/media\/4164"}],"wp:attachment":[{"href":"https:\/\/konfliktraadet.no\/nn\/wp-json\/wp\/v2\/media?parent=6668"}],"curies":[{"name":"wp","href":"https:\/\/api.w.org\/{rel}","templated":true}]}}