{"id":6713,"date":"2021-03-02T10:48:52","date_gmt":"2021-03-02T09:48:52","guid":{"rendered":"https:\/\/konfliktraadet.no\/organisasjonskart\/"},"modified":"2021-06-11T13:10:18","modified_gmt":"2021-06-11T11:10:18","slug":"organisasjonskart","status":"publish","type":"page","link":"https:\/\/konfliktraadet.no\/nn\/organisasjonskart\/","title":{"rendered":"Organisasjonskartar"},"content":{"rendered":"<div class=\"wpb-content-wrapper\"><p>[vc_row][vc_column width=\"1\/2\"]<div class=\"heading left \"><h1 class=\"\" title=\"Organisasjonskart\">Organisasjonskart<\/h1><\/div>[vc_column_text]Konfliktr\u00e5det har to organisatoriske niv\u00e5, og er underlagt Justis- og beredskapsdepartementet. Sekretariatet for konfliktr\u00e5da (Sfk) er konfliktr\u00e5das sentrale administrasjon med kontor i Oslo, og er ansvarleg for fagleg leiing, styring og oppf\u00f8lging av tolv lokale konfliktr\u00e5d. I tillegg varetek Sfk oppg\u00e5ver innan rekneskap og IKT-drift for Kommisjonen for gjenopptaking av straffesaker.<\/p>\n<p><a href=\"https:\/\/konfliktraadet.no\/finn-ditt-konfliktrad\/\">Konfliktr\u00e5det har 12 lokale konfliktr\u00e5d over heile landet, fordelt p\u00e5 22 lokasjoner.<\/a> Dei lokale konfliktr\u00e5da behandlar sakene som kjem til mekling, og legg til rette for \u2013 og gjennomf\u00f8rer \u2013\u00a0 ungdomsstraff og ungdomsoppf\u00f8lging.[\/vc_column_text][\/vc_column][vc_column width=\"1\/2\"]\n\t\t\t<figure class=\"standard-image  no-caption center\">\n\t\t\t\t<img loading=\"lazy\" decoding=\"async\" width=\"2560\" height=\"1287\" src=\"https:\/\/konfliktraadet.no\/content\/uploads\/2021\/06\/org_kart.png\" class=\"attachment-img-som size-img-som\" alt=\"\" srcset=\"https:\/\/konfliktraadet.no\/content\/uploads\/2021\/06\/org_kart.png 2560w, https:\/\/konfliktraadet.no\/content\/uploads\/2021\/06\/org_kart-300x151.png 300w, https:\/\/konfliktraadet.no\/content\/uploads\/2021\/06\/org_kart-1024x515.png 1024w, https:\/\/konfliktraadet.no\/content\/uploads\/2021\/06\/org_kart-768x386.png 768w, https:\/\/konfliktraadet.no\/content\/uploads\/2021\/06\/org_kart-1536x772.png 1536w, https:\/\/konfliktraadet.no\/content\/uploads\/2021\/06\/org_kart-2048x1030.png 2048w, https:\/\/konfliktraadet.no\/content\/uploads\/2021\/06\/org_kart-320x161.png 320w, https:\/\/konfliktraadet.no\/content\/uploads\/2021\/06\/org_kart-420x211.png 420w, https:\/\/konfliktraadet.no\/content\/uploads\/2021\/06\/org_kart-576x290.png 576w, https:\/\/konfliktraadet.no\/content\/uploads\/2021\/06\/org_kart-992x499.png 992w, https:\/\/konfliktraadet.no\/content\/uploads\/2021\/06\/org_kart-1200x603.png 1200w, https:\/\/konfliktraadet.no\/content\/uploads\/2021\/06\/org_kart-1920x965.png 1920w\" sizes=\"auto, (max-width: 2560px) 100vw, 2560px\" \/>\n\t\t\t\t\n\t\t\t<\/figure>[\/vc_column][\/vc_row][vc_row][vc_column][vc_column_text]Avdelingene i sekretariatet:<\/p>\n<p><strong>Verksemdsutvikling og styring (stab)<\/strong><br \/>\nVerksemdsutvikling og styring er ansvarleg for styringa og koordineringa av verksemda. Organisasjonseininga skal bidra til \u00e5 utvikle ein framtidsretta organisasjon, og dessutan sikre ein trygg og effektiv etatsstyring basert p\u00e5 god styringsinformasjon og i samsvar med gjeldande planar og budsjett. Fung. avdelingsdirekt\u00f8r <a href=\"mailto:henrik.lund.pedersen@konfliktraadet.no\">Henrik Lund Pedersen<\/a>, tel: <a href=\"tel:409 00 823\">409 00 823<\/a><\/p>\n<p><strong>Avdeling Administrative fellestenester<\/strong><br \/>\nAvdeling Administrative fellestenester skal sikre at det administrative arbeidet i verksemda leverast effektivt og til ein god kvalitet. Avdelinga har ansvaret for \u00f8konomi, personalforvaltning, arkiv og IKT. Avdelingsdirekt\u00f8r <a href=\"mailto:terje.eimot@konfliktraadet.no\">Terje Eimot<\/a>, tel: <a href=\"tel:951 13 711\">951 13 711<\/a><\/p>\n<p><strong>Avdeling Fagutvikling<\/strong><br \/>\nFagutviklingsavdelinga skal sikre god kvalitet, einskapleg praksis og relevante tenester innanfor Sfks totale fagportef\u00f8lje, b\u00e5de konfliktr\u00e5dsbehandling, straffegjennomf\u00f8ring og breiare kriminalitetsf\u00f8rebyggande arbeid. Avdelingsdirekt\u00f8r <a href=\"mailto:Edle.Pallum@konfliktraadet.no\">Edle Kristin Gr\u00f8nnings\u00e6ter Pallum<\/a>, tel: <a href=\"tel:47861250\">478 61 250<\/a><\/p>\n<p><strong>Avdeling Kompetanse, kunnskapsformidling og samfunnskontakt<\/strong><br \/>\nAvdelinga varetek kompetanse, kunnskapsformidling og samfunnskontakt. Fellesnemnaren er \u00e5 skape endring og verdi gjennom interaksjon med andre, bl.a. gjennom oppl\u00e6ring av tilsette og meklarar, oppl\u00e6ring og oppf\u00f8lging av SLT-koordinatorar; formidling av kunnskap om kriminalitetsf\u00f8rebyggande arbeid, tilskotsforvaltning, presse- og kommunikasjonsarbeid og gjennom strategisk samarbeid med eksterne akt\u00f8rar. Avdelingsdirekt\u00f8r <a href=\"mailto:flemming.kjerschow@konfliktraadet.no\">Flemming Gade Kjerschow,<\/a> tel: <a href=\"tel:92011051\">920 11 051<\/a>[\/vc_column_text][\/vc_column][\/vc_row]<\/p>\n<\/div>","protected":false},"excerpt":{"rendered":"<p>[vc_row][vc_column width=&#8221;1\/2&#8243;][vc_column_text]Konfliktr\u00e5det har to organisatoriske niv\u00e5, og er underlagt Justis- og beredskapsdepartementet. Sekretariatet for konfliktr\u00e5da (Sfk) er konfliktr\u00e5das sentrale administrasjon med kontor i Oslo, og er ansvarleg for fagleg leiing, styring og oppf\u00f8lging av tolv<\/p>\n","protected":false},"author":18,"featured_media":0,"parent":0,"menu_order":0,"comment_status":"closed","ping_status":"closed","template":"","meta":{"_acf_changed":false,"_relevanssi_hide_post":"","_relevanssi_hide_content":"","_relevanssi_pin_for_all":"","_relevanssi_pin_keywords":"","_relevanssi_unpin_keywords":"","_relevanssi_related_keywords":"","_relevanssi_related_include_ids":"","_relevanssi_related_exclude_ids":"","_relevanssi_related_no_append":"","_relevanssi_related_not_related":"","_relevanssi_related_posts":"","_relevanssi_noindex_reason":"","inline_featured_image":false,"footnotes":""},"class_list":["post-6713","page","type-page","status-publish","hentry"],"acf":[],"publishpress_future_action":{"enabled":false,"date":"2026-04-13 14:36:04","action":"change-status","newStatus":"draft","terms":[],"taxonomy":"translation_priority"},"publishpress_future_workflow_manual_trigger":{"enabledWorkflows":[]},"_links":{"self":[{"href":"https:\/\/konfliktraadet.no\/nn\/wp-json\/wp\/v2\/pages\/6713","targetHints":{"allow":["GET"]}}],"collection":[{"href":"https:\/\/konfliktraadet.no\/nn\/wp-json\/wp\/v2\/pages"}],"about":[{"href":"https:\/\/konfliktraadet.no\/nn\/wp-json\/wp\/v2\/types\/page"}],"author":[{"embeddable":true,"href":"https:\/\/konfliktraadet.no\/nn\/wp-json\/wp\/v2\/users\/18"}],"replies":[{"embeddable":true,"href":"https:\/\/konfliktraadet.no\/nn\/wp-json\/wp\/v2\/comments?post=6713"}],"version-history":[{"count":0,"href":"https:\/\/konfliktraadet.no\/nn\/wp-json\/wp\/v2\/pages\/6713\/revisions"}],"wp:attachment":[{"href":"https:\/\/konfliktraadet.no\/nn\/wp-json\/wp\/v2\/media?parent=6713"}],"curies":[{"name":"wp","href":"https:\/\/api.w.org\/{rel}","templated":true}]}}